{"id":16,"date":"2020-04-11T22:22:08","date_gmt":"2020-04-11T21:22:08","guid":{"rendered":"http:\/\/planemoderne.com\/?page_id=16"},"modified":"2020-04-16T00:04:36","modified_gmt":"2020-04-15T23:04:36","slug":"na-kontaktoni","status":"publish","type":"page","link":"https:\/\/www.planemoderne.com\/index.php\/na-kontaktoni\/","title":{"rendered":"Na Kontaktoni"},"content":{"rendered":"\n<figure class=\"is-layout-flex wp-block-gallery-1 wp-block-gallery columns-2 is-cropped\"><ul class=\"blocks-gallery-grid\"><li class=\"blocks-gallery-item\"><figure><img decoding=\"async\" loading=\"lazy\" width=\"1024\" height=\"576\" src=\"http:\/\/planemoderne.com\/wp-content\/uploads\/2020\/04\/543543654-min-1024x576.png\" alt=\"\" data-id=\"92\" data-full-url=\"http:\/\/planemoderne.com\/wp-content\/uploads\/2020\/04\/543543654-min.png\" data-link=\"http:\/\/planemoderne.com\/543543654-min\/\" class=\"wp-image-92\" srcset=\"https:\/\/www.planemoderne.com\/wp-content\/uploads\/2020\/04\/543543654-min-1024x576.png 1024w, https:\/\/www.planemoderne.com\/wp-content\/uploads\/2020\/04\/543543654-min-300x169.png 300w, https:\/\/www.planemoderne.com\/wp-content\/uploads\/2020\/04\/543543654-min-768x432.png 768w, https:\/\/www.planemoderne.com\/wp-content\/uploads\/2020\/04\/543543654-min-1536x864.png 1536w, https:\/\/www.planemoderne.com\/wp-content\/uploads\/2020\/04\/543543654-min-280x158.png 280w, https:\/\/www.planemoderne.com\/wp-content\/uploads\/2020\/04\/543543654-min-1170x658.png 1170w, https:\/\/www.planemoderne.com\/wp-content\/uploads\/2020\/04\/543543654-min.png 1920w\" sizes=\"(max-width: 1024px) 100vw, 1024px\" \/><figcaption class=\"blocks-gallery-item__caption\">SHTEPI BANIMI P+0 Dimensionet: 15.00 X 10.00 P\u00ebrdhesa: Q\u00ebndrim ditor+kuzhin\u00eb, 3 dhoma fjetje, banjo, dhom\u00eb teknike  Na kontaktoni n\u00eb: +383 44 241 141 +383 44 884 777<\/figcaption><\/figure><\/li><li class=\"blocks-gallery-item\"><figure><img decoding=\"async\" loading=\"lazy\" width=\"1024\" height=\"577\" src=\"http:\/\/planemoderne.com\/wp-content\/uploads\/2020\/04\/111143-min-1024x577.png\" alt=\"\" data-id=\"91\" data-full-url=\"http:\/\/planemoderne.com\/wp-content\/uploads\/2020\/04\/111143-min.png\" data-link=\"http:\/\/planemoderne.com\/111143-min\/\" class=\"wp-image-91\" srcset=\"https:\/\/www.planemoderne.com\/wp-content\/uploads\/2020\/04\/111143-min-1024x577.png 1024w, https:\/\/www.planemoderne.com\/wp-content\/uploads\/2020\/04\/111143-min-300x169.png 300w, https:\/\/www.planemoderne.com\/wp-content\/uploads\/2020\/04\/111143-min-768x432.png 768w, https:\/\/www.planemoderne.com\/wp-content\/uploads\/2020\/04\/111143-min-1536x865.png 1536w, https:\/\/www.planemoderne.com\/wp-content\/uploads\/2020\/04\/111143-min-280x158.png 280w, https:\/\/www.planemoderne.com\/wp-content\/uploads\/2020\/04\/111143-min-1170x659.png 1170w, https:\/\/www.planemoderne.com\/wp-content\/uploads\/2020\/04\/111143-min.png 1600w\" sizes=\"(max-width: 1024px) 100vw, 1024px\" \/><figcaption class=\"blocks-gallery-item__caption\">SHTEPI BANIMI P+0 Dimensionet: 15.00 X 10.00 P\u00ebrdhesa: Q\u00ebndrim ditor+kuzhin\u00eb, 3 dhoma fjetje, banjo, dhom\u00eb teknike  Na kontaktoni n\u00eb: +383 44 241 141 +383 44 884 777<\/figcaption><\/figure><\/li><\/ul><\/figure>\n","protected":false},"excerpt":{"rendered":"","protected":false},"author":1,"featured_media":0,"parent":0,"menu_order":0,"comment_status":"closed","ping_status":"closed","template":"","meta":[],"_links":{"self":[{"href":"https:\/\/www.planemoderne.com\/index.php\/wp-json\/wp\/v2\/pages\/16"}],"collection":[{"href":"https:\/\/www.planemoderne.com\/index.php\/wp-json\/wp\/v2\/pages"}],"about":[{"href":"https:\/\/www.planemoderne.com\/index.php\/wp-json\/wp\/v2\/types\/page"}],"author":[{"embeddable":true,"href":"https:\/\/www.planemoderne.com\/index.php\/wp-json\/wp\/v2\/users\/1"}],"replies":[{"embeddable":true,"href":"https:\/\/www.planemoderne.com\/index.php\/wp-json\/wp\/v2\/comments?post=16"}],"version-history":[{"count":5,"href":"https:\/\/www.planemoderne.com\/index.php\/wp-json\/wp\/v2\/pages\/16\/revisions"}],"predecessor-version":[{"id":134,"href":"https:\/\/www.planemoderne.com\/index.php\/wp-json\/wp\/v2\/pages\/16\/revisions\/134"}],"wp:attachment":[{"href":"https:\/\/www.planemoderne.com\/index.php\/wp-json\/wp\/v2\/media?parent=16"}],"curies":[{"name":"wp","href":"https:\/\/api.w.org\/{rel}","templated":true}]}}